{"id":359,"date":"2023-07-26T19:39:14","date_gmt":"2023-07-26T23:39:14","guid":{"rendered":"https:\/\/disinform.app\/events\/"},"modified":"2025-10-22T11:12:08","modified_gmt":"2025-10-22T15:12:08","slug":"eventos","status":"publish","type":"page","link":"https:\/\/disinform.app\/pt-br\/eventos\/","title":{"rendered":"Eventos"},"content":{"rendered":"\n<div class=\"wp-block-columns is-layout-flex wp-container-core-columns-is-layout-9d6595d7 wp-block-columns-is-layout-flex\">\n<div class=\"wp-block-column is-layout-flow wp-block-column-is-layout-flow\">\n<figure class=\"wp-block-image size-large\"><img loading=\"lazy\" decoding=\"async\" width=\"1024\" height=\"576\" src=\"https:\/\/disinform.app\/wp-content\/uploads\/2023\/07\/f3-events-1024x576.jpg\" alt=\"\" class=\"wp-image-208\" srcset=\"https:\/\/disinform.app\/wp-content\/uploads\/2023\/07\/f3-events-1024x576.jpg 1024w, https:\/\/disinform.app\/wp-content\/uploads\/2023\/07\/f3-events-300x169.jpg 300w, https:\/\/disinform.app\/wp-content\/uploads\/2023\/07\/f3-events-768x432.jpg 768w, https:\/\/disinform.app\/wp-content\/uploads\/2023\/07\/f3-events-1536x864.jpg 1536w, https:\/\/disinform.app\/wp-content\/uploads\/2023\/07\/f3-events.jpg 1920w\" sizes=\"auto, (max-width: 1024px) 100vw, 1024px\" \/><\/figure>\n<\/div>\n\n\n\n<div class=\"wp-block-column is-layout-flow wp-block-column-is-layout-flow\">\n<h2 class=\"wp-block-heading\"><em><mark style=\"background-color:rgba(0, 0, 0, 0)\" class=\"has-inline-color has-vivid-red-color\">Compartilhe seu ponto de vista, seja como palestrante, participante ou apenas assista e discuta em nossas reuni\u00f5es gravadas.<\/mark><\/em><\/h2>\n\n\n\n<p>Agradecemos sua ajuda para organizar Webinars, Simp\u00f3sios Regionais (H\u00edbridos) e Workshops em Confer\u00eancias Acad\u00eamicas<\/p>\n<\/div>\n<\/div>\n\n\n\n<h2 class=\"wp-block-heading\">Pr\u00f3ximos eventos<\/h2>\n\n\n\n<p>Upcoming: <strong><em>Webinar in English &#8211; Wednesday, November 12, 2025, from 12:00 to 13:00<\/em><\/strong><\/p>\n\n\n\n<ul class=\"wp-block-list\">\n<li><em><a href=\"https:\/\/gagnontech.org\/bio\/\">St\u00e9phane Gagnon<\/a> presents: &#8220;We Can Use AI and Win Against Disinformation<\/em>&#8220;<\/li>\n<\/ul>\n\n\n\n<ul class=\"wp-block-list\">\n<li><a href=\"https:\/\/teams.microsoft.com\/l\/meetup-join\/19%3ameeting_YzUyYmMyNTctYTEwZi00YjFjLTlkN2YtNzdiODkwMWY1ODUw%40thread.v2\/0?context=%7b%22Tid%22%3a%2278919324-3091-4581-8910-5fb6a22d5545%22%2c%22Oid%22%3a%229fed0eaa-63ea-498e-b796-a081aa3cdc9d%22%7d\" target=\"_blank\" rel=\"noreferrer noopener\">MS Teams &#8211; Join the meeting for free &#8211; no registration required<\/a><\/li>\n\n\n\n<li>Meeting ID: 244 435 432 540 0<\/li>\n\n\n\n<li>Passcode: Vp3hQ36u<\/li>\n<\/ul>\n\n\n\n<p>\u00c0 venir : <strong><em>Webinaire\u00a0en fran\u00e7ais &#8211; Jeudi 13 novembre 2025, de 12:00 \u00e0 13:00<\/em><\/strong><\/p>\n\n\n\n<ul class=\"wp-block-list\">\n<li><em><a href=\"https:\/\/gagnontech.org\/bio\/\">St\u00e9phane Gagnon<\/a> presente : &#8220;Nous pouvons utiliser l\u2019IA et vaincre la d\u00e9sinformation<\/em>&#8220;<\/li>\n<\/ul>\n\n\n\n<ul class=\"wp-block-list\">\n<li><a href=\"https:\/\/teams.microsoft.com\/l\/meetup-join\/19%3ameeting_MDc2NjJjZjEtNDRkOC00NGE3LTgyMjktMDgyMjBmNzc5ZWNh%40thread.v2\/0?context=%7b%22Tid%22%3a%2278919324-3091-4581-8910-5fb6a22d5545%22%2c%22Oid%22%3a%229fed0eaa-63ea-498e-b796-a081aa3cdc9d%22%7d\" target=\"_blank\" rel=\"noreferrer noopener\">MS Teams &#8211; Joindre la r\u00e9union gratuitement &#8211; aucune inscription requise<\/a><\/li>\n\n\n\n<li>Meeting ID: 276 754 107 676 9<\/li>\n\n\n\n<li>Passcode: pv9QK2zk<\/li>\n<\/ul>\n\n\n\n<h2 class=\"wp-block-heading\">Pasados &#8211; Webinars e sess\u00f5es h\u00edbridas<\/h2>\n\n\n\n<p>Pasado: <a href=\"https:\/\/www.youtube.com\/watch?v=6GWgHpyQ0Uw\">Disinformation and Corruption as Threats to Digital Trust &#8211; YouTube<\/a><\/p>\n\n\n\n<p>Pasado: <a href=\"https:\/\/www.linkedin.com\/pulse\/march-3-workshop-ai-parliaments-stephane-gagnon-eb7ie\/\">March 3 &#8211; Workshop on AI in Parliaments | LinkedIn<\/a><\/p>\n\n\n\n<h2 class=\"wp-block-heading\">Simp\u00f3sio Regional<\/h2>\n\n\n\n<p>Junho-agosto de 2025: S\u00e9rie de workshops gratuitos de um dia sobre &#8220;Uso de IA para Combater a Desinforma\u00e7\u00e3o e a Corrup\u00e7\u00e3o&#8221;, em Paris (5 de junho), Bruxelas (9 de junho), Atenas (14 de junho), Montreal (12 de agosto), Quebec (18 de agosto) e Gatineau (21 de agosto).<\/p>\n\n\n\n<h2 class=\"wp-block-heading\">Workshops de confer\u00eancias acad\u00eamicas<\/h2>\n\n\n\n<p>AMCIS 2025 minitrack on \u201c<strong><em>Disinformation, Corruption, and Digital Trust<\/em><\/strong>\u201c, under the \u201c<strong><em>Social Inclusion and Socio-Technical Issues (SIG SI)<\/em><\/strong>\u201d track, Co-Chaired by&nbsp;<strong>Romilla Syed<\/strong>&nbsp;and&nbsp;<strong>St\u00e9phane Gagnon<\/strong>, evento realizado em Montreal de 14 a 16 de agosto de 2025, <a href=\"https:\/\/gagnontech.org\/amcis-2025-08-16-siglead-sessions.png\">Track Program on Saturday August 16<\/a>,&nbsp;<a href=\"https:\/\/amcis2025.aisconferences.org\/submissions\/track-descriptions\/\">Track Descriptions | AMCIS 2025<\/a>,&nbsp;<a href=\"https:\/\/amcis2025.aisconferences.org\/register\/registration\/\">Registration | AMCIS 2025<\/a><\/p>\n\n\n\n<p><\/p>\n","protected":false},"excerpt":{"rendered":"<p>Compartilhe seu ponto de vista, seja como palestrante, participante ou apenas assista e discuta em nossas reuni\u00f5es gravadas. Agradecemos sua ajuda para organizar Webinars, Simp\u00f3sios Regionais (H\u00edbridos) e Workshops em Confer\u00eancias Acad\u00eamicas Pr\u00f3ximos eventos Upcoming: Webinar in English &#8211; Wednesday, November 12, 2025, from 12:00 to 13:00 \u00c0 venir : Webinaire\u00a0en fran\u00e7ais &#8211; Jeudi 13<span class=\"post-excerpt-end\">&hellip;<\/span><\/p>\n<p class=\"more-link\"><a href=\"https:\/\/disinform.app\/pt-br\/eventos\/\" class=\"themebutton\">Read More<\/a><\/p>\n","protected":false},"author":1,"featured_media":0,"parent":0,"menu_order":0,"comment_status":"closed","ping_status":"closed","template":"","meta":{"footnotes":""},"class_list":["post-359","page","type-page","status-publish","hentry"],"_links":{"self":[{"href":"https:\/\/disinform.app\/pt-br\/wp-json\/wp\/v2\/pages\/359","targetHints":{"allow":["GET"]}}],"collection":[{"href":"https:\/\/disinform.app\/pt-br\/wp-json\/wp\/v2\/pages"}],"about":[{"href":"https:\/\/disinform.app\/pt-br\/wp-json\/wp\/v2\/types\/page"}],"author":[{"embeddable":true,"href":"https:\/\/disinform.app\/pt-br\/wp-json\/wp\/v2\/users\/1"}],"replies":[{"embeddable":true,"href":"https:\/\/disinform.app\/pt-br\/wp-json\/wp\/v2\/comments?post=359"}],"version-history":[{"count":11,"href":"https:\/\/disinform.app\/pt-br\/wp-json\/wp\/v2\/pages\/359\/revisions"}],"predecessor-version":[{"id":683,"href":"https:\/\/disinform.app\/pt-br\/wp-json\/wp\/v2\/pages\/359\/revisions\/683"}],"wp:attachment":[{"href":"https:\/\/disinform.app\/pt-br\/wp-json\/wp\/v2\/media?parent=359"}],"curies":[{"name":"wp","href":"https:\/\/api.w.org\/{rel}","templated":true}]}}