{"id":357,"date":"2022-06-22T22:14:33","date_gmt":"2022-06-23T02:14:33","guid":{"rendered":"https:\/\/disinform.app\/about\/"},"modified":"2025-11-12T14:11:22","modified_gmt":"2025-11-12T19:11:22","slug":"about","status":"publish","type":"page","link":"https:\/\/disinform.app\/pt-br\/about\/","title":{"rendered":"Sobre"},"content":{"rendered":"\n<p>O Laborat\u00f3rio de Aplica\u00e7\u00f5es de Desinforma\u00e7\u00e3o (Disinfo App Lab ou <strong><em>DAL<\/em><\/strong>) \u00e9 uma iniciativa sem fins lucrativos, liderada pela Funda\u00e7\u00e3o para Inova\u00e7\u00e3o Digital (FID), com uma equipe de pesquisa internacional de 9 professores em 6 pa\u00edses, sediada em Gatineau, Quebec, Canad\u00e1.<\/p>\n\n\n\n<p>A equipe se concentra em aplica\u00e7\u00f5es de Intelig\u00eancia Artificial (IA) para ajudar a detectar e monitorar um tipo muito espec\u00edfico de desinforma\u00e7\u00e3o: <strong>falsas alega\u00e7\u00f5es contra pol\u00edticos em suas fun\u00e7\u00f5es de governan\u00e7a <\/strong>(por exemplo, corrup\u00e7\u00e3o, suborno, nepotismo, etc.). Not\u00edcias falsas, sejam elas em texto ou multim\u00eddia, podem ter como alvo projetos do setor p\u00fablico com o objetivo de manchar uma iniciativa governamental que, de outra forma, funcionaria bem. Isso gera d\u00favidas e leva ao cancelamento de projetos ou programas, privando os cidad\u00e3os de servi\u00e7os e impedindo o desenvolvimento nacional.<\/p>\n\n\n\n<ul class=\"wp-block-list\">\n<li>Consulte este resumo (2025-11-12), a <a href=\"https:\/\/disinform.app\/Gagnon-2025-EN-web.pdf\">presentation in Enblish<\/a> ou une <a href=\"https:\/\/disinform.app\/Gagnon-2025-FR-web.pdf\">pr\u00e9sentation en fran\u00e7ais<\/a>.<\/li>\n<\/ul>\n\n\n\n<p>O diagrama abaixo mostra a ampla gama de atores, informa\u00e7\u00f5es e tecnologias envolvidas. Identificamos 5 \u00e1reas: (1) equipe azul no combate aos danos causados \u200b\u200bpela desinforma\u00e7\u00e3o; (2) equipe vermelha na execu\u00e7\u00e3o de campanhas de desinforma\u00e7\u00e3o; (3) projetos governamentais alvos; (4) parlamentos onde os ataques est\u00e3o impactando; (5) p\u00fablico para o qual a desinforma\u00e7\u00e3o \u00e9 distribu\u00edda. As ag\u00eancias de seguran\u00e7a cibern\u00e9tica e as equipes de monitoramento est\u00e3o &#8220;no meio&#8221;.<\/p>\n\n\n\n<p>Ao adotar uma perspectiva de &#8220;campanha completa&#8221;, o monitoramento de desinforma\u00e7\u00e3o pode fornecer pelo menos cinco funcionalidades principais: (1) antecipa\u00e7\u00e3o dos &#8220;pr\u00f3ximos eventos&#8221; em uma cadeia de not\u00edcias falsas, de modo a ajudar as equipes azuis a combater de forma mais estrat\u00e9gica; (2) contraintelig\u00eancia sobre atores da dark web para dissuadir e desarmar; (3) aumento da transpar\u00eancia, vinculando informa\u00e7\u00f5es de projetos p\u00fablicos com a\u00e7\u00f5es de pol\u00edticos e not\u00edcias formais; (4) colabora\u00e7\u00e3o entre partidos pol\u00edticos e sua rede de verificadores de fatos, garantindo que nenhuma informa\u00e7\u00e3o falsa seja propagada nos parlamentos ou usada para a tomada de decis\u00f5es; (5) sistemas de filtragem e fontes confi\u00e1veis \u200b\u200bpara apoiar os usu\u00e1rios finais, sejam eles o p\u00fablico em geral ou profissionais.<\/p>\n\n\n\n<p>A partir de 2024, a equipe est\u00e1 coletando dados de estudos de caso sobre diversos casos de corrup\u00e7\u00e3o, alguns em que as alega\u00e7\u00f5es se provaram verdadeiras e outros falsas. Al\u00e9m disso, a equipe desenvolver\u00e1 novas ontologias e grafos de conhecimento (KGs) para ajudar a modelar campanhas de desinforma\u00e7\u00e3o e padr\u00f5es de ataque, que ser\u00e3o ent\u00e3o integrados em Modelos de Linguagem Ampliada (LLMs) com grafos. Por fim, um conjunto de casos de uso ser\u00e1 desenvolvido, em colabora\u00e7\u00e3o com especialistas em comunica\u00e7\u00e3o pol\u00edtica, que ajudar\u00e3o a identificar a melhor forma de utilizar a IA, especialmente KGs e LLMs, para superar o impacto da desinforma\u00e7\u00e3o em seu trabalho e garantir uma due diligence mais r\u00e1pida e precisa para solucionar alega\u00e7\u00f5es de corrup\u00e7\u00e3o contra pol\u00edticos.<\/p>\n\n\n<div class=\"wp-block-image\">\n<figure class=\"aligncenter size-full\"><img loading=\"lazy\" decoding=\"async\" width=\"785\" height=\"745\" src=\"https:\/\/disinform.app\/wp-content\/uploads\/2024\/05\/diagram-1.png\" alt=\"\" class=\"wp-image-456\" srcset=\"https:\/\/disinform.app\/wp-content\/uploads\/2024\/05\/diagram-1.png 785w, https:\/\/disinform.app\/wp-content\/uploads\/2024\/05\/diagram-1-300x285.png 300w, https:\/\/disinform.app\/wp-content\/uploads\/2024\/05\/diagram-1-768x729.png 768w\" sizes=\"auto, (max-width: 785px) 100vw, 785px\" \/><\/figure>\n<\/div>","protected":false},"excerpt":{"rendered":"<p>O Laborat\u00f3rio de Aplica\u00e7\u00f5es de Desinforma\u00e7\u00e3o (Disinfo App Lab ou DAL) \u00e9 uma iniciativa sem fins lucrativos, liderada pela Funda\u00e7\u00e3o para Inova\u00e7\u00e3o Digital (FID), com uma equipe de pesquisa internacional de 9 professores em 6 pa\u00edses, sediada em Gatineau, Quebec, Canad\u00e1. A equipe se concentra em aplica\u00e7\u00f5es de Intelig\u00eancia Artificial (IA) para ajudar a detectar<span class=\"post-excerpt-end\">&hellip;<\/span><\/p>\n<p class=\"more-link\"><a href=\"https:\/\/disinform.app\/pt-br\/about\/\" class=\"themebutton\">Read More<\/a><\/p>\n","protected":false},"author":1,"featured_media":0,"parent":0,"menu_order":0,"comment_status":"closed","ping_status":"closed","template":"","meta":{"footnotes":""},"class_list":["post-357","page","type-page","status-publish","hentry"],"_links":{"self":[{"href":"https:\/\/disinform.app\/pt-br\/wp-json\/wp\/v2\/pages\/357","targetHints":{"allow":["GET"]}}],"collection":[{"href":"https:\/\/disinform.app\/pt-br\/wp-json\/wp\/v2\/pages"}],"about":[{"href":"https:\/\/disinform.app\/pt-br\/wp-json\/wp\/v2\/types\/page"}],"author":[{"embeddable":true,"href":"https:\/\/disinform.app\/pt-br\/wp-json\/wp\/v2\/users\/1"}],"replies":[{"embeddable":true,"href":"https:\/\/disinform.app\/pt-br\/wp-json\/wp\/v2\/comments?post=357"}],"version-history":[{"count":8,"href":"https:\/\/disinform.app\/pt-br\/wp-json\/wp\/v2\/pages\/357\/revisions"}],"predecessor-version":[{"id":699,"href":"https:\/\/disinform.app\/pt-br\/wp-json\/wp\/v2\/pages\/357\/revisions\/699"}],"wp:attachment":[{"href":"https:\/\/disinform.app\/pt-br\/wp-json\/wp\/v2\/media?parent=357"}],"curies":[{"name":"wp","href":"https:\/\/api.w.org\/{rel}","templated":true}]}}