{"id":79,"date":"2022-06-22T22:14:33","date_gmt":"2022-06-23T02:14:33","guid":{"rendered":"https:\/\/disinform.app\/about-us\/"},"modified":"2025-11-12T14:09:20","modified_gmt":"2025-11-12T19:09:20","slug":"a-propos","status":"publish","type":"page","link":"https:\/\/disinform.app\/fr\/a-propos\/","title":{"rendered":"A propos"},"content":{"rendered":"\n<p>Laboratoire d&rsquo;applications de la d\u00e9sinformation (Disinfo App Lab ou <strong><em>DAL<\/em><\/strong>) est une initiative \u00e0 but non lucratif, dirig\u00e9e par la Fondation de l&rsquo;innovation num\u00e9rique (FIN), avec une \u00e9quipe de recherche internationale de 10 professeurs dans 7 pays, bas\u00e9e \u00e0 Gatineau, Qu\u00e9bec, Canada.<\/p>\n\n\n\n<p>L&rsquo;\u00e9quipe se concentre sur les applications de l&rsquo;intelligence artificielle (IA) pour aider \u00e0 d\u00e9tecter et \u00e0 surveiller un type tr\u00e8s sp\u00e9cifique de d\u00e9sinformation : les<strong> fausses all\u00e9gations contre les politiciens dans leurs r\u00f4les de gouvernance<\/strong> (par exemple, la corruption, les pots-de-vin, le n\u00e9potisme, etc.) Les fausses nouvelles, qu&rsquo;elles soient textuelles ou multim\u00e9dias, peuvent cibler des projets du secteur public dans le but de ternir une initiative gouvernementale qui fonctionne bien par ailleurs. Cela cr\u00e9e des doutes et entra\u00eene l&rsquo;annulation de projets ou de programmes, privant ainsi les citoyens de services et entravant le d\u00e9veloppement national.  <\/p>\n\n\n\n<ul class=\"wp-block-list\">\n<li>SVP voir ce survol (2025-11-12), a <a href=\"https:\/\/disinform.app\/Gagnon-2025-EN-web.pdf\">presentation in Enblish<\/a> ou une <a href=\"https:\/\/disinform.app\/Gagnon-2025-FR-web.pdf\">pr\u00e9sentation en fran\u00e7ais<\/a>.<\/li>\n<\/ul>\n\n\n\n<p>Le diagramme ci-dessous montre le large \u00e9ventail d&rsquo;acteurs, d&rsquo;informations et de technologies impliqu\u00e9s. Nous identifions cinq domaines : (1) l&rsquo;\u00e9quipe bleue qui lutte contre les dommages caus\u00e9s par la d\u00e9sinformation ; (2) l&rsquo;\u00e9quipe rouge qui m\u00e8ne des campagnes de d\u00e9sinformation ; (3) les projets gouvernementaux cibl\u00e9s ; (4) les parlements sur lesquels les attaques ont un impact ; (5) le public auquel la d\u00e9sinformation est diffus\u00e9e. Les agences de cybers\u00e9curit\u00e9 et les \u00e9quipes de surveillance sont \u00ab\u00a0au milieu\u00a0\u00bb.  <\/p>\n\n\n\n<p>En adoptant une perspective \u00ab\u00a0campagne globale\u00a0\u00bb, la surveillance de la d\u00e9sinformation peut offrir au moins cinq fonctionnalit\u00e9s majeures : (1) anticipation des \u00ab\u00a0prochains \u00e9v\u00e9nements\u00a0\u00bb dans une cha\u00eene de fausses nouvelles, afin d&rsquo;aider les \u00e9quipes bleues \u00e0 lutter plus strat\u00e9giquement ; (2) contre-espionnage sur les acteurs du web sombre pour dissuader et d\u00e9sarmer ; (3) am\u00e9lioration de la transparence en reliant les informations sur les projets publics aux actions des politiciens et aux nouvelles officielles ; (4) collaboration entre les partis politiques et leur r\u00e9seau de v\u00e9rificateurs de faits, garantissant qu&rsquo;aucune fausse information n&rsquo;est propag\u00e9e dans les parlements ou utilis\u00e9e pour la prise de d\u00e9cision ; (5) syst\u00e8mes de filtrage et de sources fiables pour aider les utilisateurs finaux, qu&rsquo;il s&rsquo;agisse du grand public ou de professionnels.<\/p>\n\n\n\n<p>En 2025, l&rsquo;\u00e9quipe est en train de collecter des donn\u00e9es d&rsquo;\u00e9tudes de cas sur plusieurs affaires de corruption, certaines o\u00f9 les all\u00e9gations se sont av\u00e9r\u00e9es vraies, d&rsquo;autres fausses. En outre, l&rsquo;\u00e9quipe d\u00e9veloppe de nouvelles ontologies et des graphes de connaissances (Knowledge Graphs, KG) pour aider \u00e0 mod\u00e9liser les campagnes de d\u00e9sinformation et les sch\u00e9mas d&rsquo;attaque, qui seront ensuite int\u00e9gr\u00e9s dans les grands mod\u00e8les de langage (Large Language Models, LLM) augment\u00e9s de graphes. Enfin, un ensemble de cas d&rsquo;utilisation sera d\u00e9velopp\u00e9, en collaboration avec des experts en communication politique, qui aideront \u00e0 identifier la meilleure fa\u00e7on d&rsquo;utiliser l&rsquo;IA, en particulier les KG et les LLM, pour surmonter l&rsquo;impact de la d\u00e9sinformation dans leur travail, et assurer une diligence raisonnable plus rapide et plus pr\u00e9cise pour r\u00e9soudre les all\u00e9gations de corruption \u00e0 l&rsquo;encontre des politiciens.  <\/p>\n\n\n<div class=\"wp-block-image\">\n<figure class=\"aligncenter size-full\"><img loading=\"lazy\" decoding=\"async\" width=\"785\" height=\"745\" src=\"https:\/\/disinform.app\/wp-content\/uploads\/2025\/11\/diagram-1-FR.png\" alt=\"\" class=\"wp-image-686\"\/><\/figure>\n<\/div>","protected":false},"excerpt":{"rendered":"<p>Laboratoire d&rsquo;applications de la d\u00e9sinformation (Disinfo App Lab ou DAL) est une initiative \u00e0 but non lucratif, dirig\u00e9e par la Fondation de l&rsquo;innovation num\u00e9rique (FIN), avec une \u00e9quipe de recherche internationale de 10 professeurs dans 7 pays, bas\u00e9e \u00e0 Gatineau, Qu\u00e9bec, Canada. L&rsquo;\u00e9quipe se concentre sur les applications de l&rsquo;intelligence artificielle (IA) pour aider \u00e0<span class=\"post-excerpt-end\">&hellip;<\/span><\/p>\n<p class=\"more-link\"><a href=\"https:\/\/disinform.app\/fr\/a-propos\/\" class=\"themebutton\">Lire la suite<\/a><\/p>\n","protected":false},"author":1,"featured_media":0,"parent":0,"menu_order":0,"comment_status":"closed","ping_status":"closed","template":"","meta":{"footnotes":""},"class_list":["post-79","page","type-page","status-publish","hentry"],"_links":{"self":[{"href":"https:\/\/disinform.app\/fr\/wp-json\/wp\/v2\/pages\/79","targetHints":{"allow":["GET"]}}],"collection":[{"href":"https:\/\/disinform.app\/fr\/wp-json\/wp\/v2\/pages"}],"about":[{"href":"https:\/\/disinform.app\/fr\/wp-json\/wp\/v2\/types\/page"}],"author":[{"embeddable":true,"href":"https:\/\/disinform.app\/fr\/wp-json\/wp\/v2\/users\/1"}],"replies":[{"embeddable":true,"href":"https:\/\/disinform.app\/fr\/wp-json\/wp\/v2\/comments?post=79"}],"version-history":[{"count":11,"href":"https:\/\/disinform.app\/fr\/wp-json\/wp\/v2\/pages\/79\/revisions"}],"predecessor-version":[{"id":697,"href":"https:\/\/disinform.app\/fr\/wp-json\/wp\/v2\/pages\/79\/revisions\/697"}],"wp:attachment":[{"href":"https:\/\/disinform.app\/fr\/wp-json\/wp\/v2\/media?parent=79"}],"curies":[{"name":"wp","href":"https:\/\/api.w.org\/{rel}","templated":true}]}}