{"id":212,"date":"2023-07-26T19:39:14","date_gmt":"2023-07-26T23:39:14","guid":{"rendered":"https:\/\/disinform.app\/events\/"},"modified":"2025-11-12T14:08:00","modified_gmt":"2025-11-12T19:08:00","slug":"events","status":"publish","type":"page","link":"https:\/\/disinform.app\/fr\/events\/","title":{"rendered":"\u00c9v\u00e8nements"},"content":{"rendered":"\n<div class=\"wp-block-columns is-layout-flex wp-container-core-columns-is-layout-9d6595d7 wp-block-columns-is-layout-flex\">\n<div class=\"wp-block-column is-layout-flow wp-block-column-is-layout-flow\">\n<figure class=\"wp-block-image size-large\"><img loading=\"lazy\" decoding=\"async\" width=\"1024\" height=\"576\" src=\"https:\/\/disinform.app\/wp-content\/uploads\/2023\/07\/f3-events-1024x576.jpg\" alt=\"\" class=\"wp-image-209\" srcset=\"https:\/\/disinform.app\/wp-content\/uploads\/2023\/07\/f3-events-1024x576.jpg 1024w, https:\/\/disinform.app\/wp-content\/uploads\/2023\/07\/f3-events-300x169.jpg 300w, https:\/\/disinform.app\/wp-content\/uploads\/2023\/07\/f3-events-768x432.jpg 768w, https:\/\/disinform.app\/wp-content\/uploads\/2023\/07\/f3-events-1536x864.jpg 1536w, https:\/\/disinform.app\/wp-content\/uploads\/2023\/07\/f3-events.jpg 1920w\" sizes=\"auto, (max-width: 1024px) 100vw, 1024px\" \/><\/figure>\n<\/div>\n\n\n\n<div class=\"wp-block-column is-layout-flow wp-block-column-is-layout-flow\">\n<h2 class=\"wp-block-heading\"><em><mark style=\"background-color:rgba(0, 0, 0, 0)\" class=\"has-inline-color has-vivid-red-color\">Partagez votre point de vue, soit en pr\u00e9sentant, soit en participant, ou <em>simplement<\/em><\/mark><\/em> <em><mark style=\"background-color:rgba(0, 0, 0, 0)\" class=\"has-inline-color has-vivid-red-color\">regardez et discutez sur nos r\u00e9unions enregistr\u00e9es.<\/mark><\/em><\/h2>\n\n\n\n<p>Nous vous invitons \u00e0 nous aider \u00e0 organiser des webinaires, des symposiums r\u00e9gionaux (hybrides) et des ateliers dans le cadre de conf\u00e9rences universitaires.<\/p>\n<\/div>\n<\/div>\n\n\n\n<h2 class=\"wp-block-heading\">\u00c9v\u00e8nements \u00e0 venir<\/h2>\n\n\n\n<p>Upcoming: <strong><em>Webinar in English &#8211; Wednesday, November 12, 2025, from 12:00 to 13:00<\/em><\/strong><\/p>\n\n\n\n<ul class=\"wp-block-list\">\n<li><em><a href=\"https:\/\/gagnontech.org\/bio\/\">St\u00e9phane Gagnon<\/a> presents: \u00ab\u00a0We Can Use AI and Win Against Disinformation<\/em>\u00ab\u00a0<\/li>\n<\/ul>\n\n\n\n<ul class=\"wp-block-list\">\n<li><a href=\"https:\/\/teams.microsoft.com\/l\/meetup-join\/19%3ameeting_YzUyYmMyNTctYTEwZi00YjFjLTlkN2YtNzdiODkwMWY1ODUw%40thread.v2\/0?context=%7b%22Tid%22%3a%2278919324-3091-4581-8910-5fb6a22d5545%22%2c%22Oid%22%3a%229fed0eaa-63ea-498e-b796-a081aa3cdc9d%22%7d\" target=\"_blank\" rel=\"noreferrer noopener\">MS Teams &#8211; Join the meeting for free &#8211; no registration required<\/a><\/li>\n\n\n\n<li>Meeting ID: 244 435 432 540 0<\/li>\n\n\n\n<li>Passcode: Vp3hQ36u<\/li>\n\n\n\n<li><a href=\"https:\/\/disinform.app\/Gagnon-2025-EN-web.pdf\">Pr\u00e9sentation en anglais<\/a> (format PDF)<\/li>\n<\/ul>\n\n\n\n<p>\u00c0 venir : <strong><em>Webinaire&nbsp;en fran\u00e7ais &#8211; Jeudi 13 novembre 2025, de 12:00 \u00e0 13:00<\/em><\/strong><\/p>\n\n\n\n<ul class=\"wp-block-list\">\n<li><em><a href=\"https:\/\/gagnontech.org\/bio\/\">St\u00e9phane Gagnon<\/a> presente : \u00ab\u00a0Nous pouvons utiliser l\u2019IA et vaincre la d\u00e9sinformation<\/em>\u00ab\u00a0<\/li>\n<\/ul>\n\n\n\n<ul class=\"wp-block-list\">\n<li><a href=\"https:\/\/teams.microsoft.com\/l\/meetup-join\/19%3ameeting_MDc2NjJjZjEtNDRkOC00NGE3LTgyMjktMDgyMjBmNzc5ZWNh%40thread.v2\/0?context=%7b%22Tid%22%3a%2278919324-3091-4581-8910-5fb6a22d5545%22%2c%22Oid%22%3a%229fed0eaa-63ea-498e-b796-a081aa3cdc9d%22%7d\" target=\"_blank\" rel=\"noreferrer noopener\">MS Teams &#8211; Joindre la r\u00e9union gratuitement &#8211; aucune inscription requise<\/a><\/li>\n\n\n\n<li>Meeting ID: 276 754 107 676 9<\/li>\n\n\n\n<li>Passcode: pv9QK2zk<\/li>\n\n\n\n<li><a href=\"https:\/\/disinform.app\/Gagnon-2025-FR-web.pdf\">Pr\u00e9sentation en fran\u00e7ais<\/a> (format PDF)<\/li>\n<\/ul>\n\n\n\n<h2 class=\"wp-block-heading\">Pass\u00e9s &#8211; Webinaires et s\u00e9ances hybrides<\/h2>\n\n\n\n<p>Pass\u00e9: <a href=\"https:\/\/www.youtube.com\/watch?v=6GWgHpyQ0Uw\">Disinformation and Corruption as Threats to Digital Trust<\/a><\/p>\n\n\n\n<p>Pass\u00e9: <a href=\"https:\/\/www.linkedin.com\/pulse\/march-3-workshop-ai-parliaments-stephane-gagnon-eb7ie\/\">March 3 &#8211; Workshop on AI in Parliaments | LinkedIn<\/a><\/p>\n\n\n\n<h2 class=\"wp-block-heading\">Symposium r\u00e9gional<\/h2>\n\n\n\n<p>\u00c0 venir en juin-ao\u00fbt 2025&nbsp;: S\u00e9rie d\u2019ateliers gratuits d\u2019une journ\u00e9e sur \u00ab&nbsp;L\u2019utilisation de l\u2019IA pour lutter contre la d\u00e9sinformation et la corruption&nbsp;\u00bb, \u00e0 Paris (5 juin), Bruxelles (9 juin), Ath\u00e8nes (14 juin), Montr\u00e9al (12 ao\u00fbt), Qu\u00e9bec (18 ao\u00fbt) et Gatineau (21 ao\u00fbt).<\/p>\n\n\n\n<h2 class=\"wp-block-heading\">Ateliers dans le cadre de conf\u00e9rences universitaires<\/h2>\n\n\n\n<p>AMCIS 2025 minitrack on \u201c<strong><em>Disinformation, Corruption, and Digital Trust<\/em><\/strong>\u201c, under the \u201c<strong><em>Social Inclusion and Socio-Technical Issues (SIG SI)<\/em><\/strong>\u201d track, Co-Chaired by&nbsp;<strong>Romilla Syed<\/strong>&nbsp;and&nbsp;<strong>St\u00e9phane Gagnon<\/strong>, \u00e9v\u00e8nement \u00e0 Montr\u00e9al 14-16 ao\u00fbt 2025, <a href=\"https:\/\/gagnontech.org\/amcis-2025-08-16-siglead-sessions.png\">Track Program on Saturday August 16<\/a>,&nbsp;<a href=\"https:\/\/amcis2025.aisconferences.org\/submissions\/track-descriptions\/\">Track Descriptions | AMCIS 2025<\/a>,&nbsp;<a href=\"https:\/\/amcis2025.aisconferences.org\/register\/registration\/\">Registration | AMCIS 2025<\/a><\/p>\n\n\n\n<p><\/p>\n","protected":false},"excerpt":{"rendered":"<p>Partagez votre point de vue, soit en pr\u00e9sentant, soit en participant, ou simplement regardez et discutez sur nos r\u00e9unions enregistr\u00e9es. Nous vous invitons \u00e0 nous aider \u00e0 organiser des webinaires, des symposiums r\u00e9gionaux (hybrides) et des ateliers dans le cadre de conf\u00e9rences universitaires. \u00c9v\u00e8nements \u00e0 venir Upcoming: Webinar in English &#8211; Wednesday, November 12, 2025,<span class=\"post-excerpt-end\">&hellip;<\/span><\/p>\n<p class=\"more-link\"><a href=\"https:\/\/disinform.app\/fr\/events\/\" class=\"themebutton\">Lire la suite<\/a><\/p>\n","protected":false},"author":1,"featured_media":0,"parent":0,"menu_order":0,"comment_status":"closed","ping_status":"closed","template":"","meta":{"footnotes":""},"class_list":["post-212","page","type-page","status-publish","hentry"],"_links":{"self":[{"href":"https:\/\/disinform.app\/fr\/wp-json\/wp\/v2\/pages\/212","targetHints":{"allow":["GET"]}}],"collection":[{"href":"https:\/\/disinform.app\/fr\/wp-json\/wp\/v2\/pages"}],"about":[{"href":"https:\/\/disinform.app\/fr\/wp-json\/wp\/v2\/types\/page"}],"author":[{"embeddable":true,"href":"https:\/\/disinform.app\/fr\/wp-json\/wp\/v2\/users\/1"}],"replies":[{"embeddable":true,"href":"https:\/\/disinform.app\/fr\/wp-json\/wp\/v2\/comments?post=212"}],"version-history":[{"count":15,"href":"https:\/\/disinform.app\/fr\/wp-json\/wp\/v2\/pages\/212\/revisions"}],"predecessor-version":[{"id":695,"href":"https:\/\/disinform.app\/fr\/wp-json\/wp\/v2\/pages\/212\/revisions\/695"}],"wp:attachment":[{"href":"https:\/\/disinform.app\/fr\/wp-json\/wp\/v2\/media?parent=212"}],"curies":[{"name":"wp","href":"https:\/\/api.w.org\/{rel}","templated":true}]}}