{"id":172,"date":"2023-07-23T14:15:27","date_gmt":"2023-07-23T18:15:27","guid":{"rendered":"https:\/\/disinform.app\/innovation\/"},"modified":"2023-11-23T17:19:31","modified_gmt":"2023-11-23T22:19:31","slug":"veritas","status":"publish","type":"page","link":"https:\/\/disinform.app\/fr\/veritas\/","title":{"rendered":"Veritas"},"content":{"rendered":"\n<div class=\"wp-block-columns is-layout-flex wp-container-core-columns-is-layout-9d6595d7 wp-block-columns-is-layout-flex\">\n<div class=\"wp-block-column is-layout-flow wp-block-column-is-layout-flow\">\n<figure class=\"wp-block-image size-large\"><img loading=\"lazy\" decoding=\"async\" width=\"1024\" height=\"611\" src=\"https:\/\/disinform.app\/wp-content\/uploads\/2023\/11\/disinform-veritas-person-1024x611.jpg\" alt=\"\" class=\"wp-image-313\" srcset=\"https:\/\/disinform.app\/wp-content\/uploads\/2023\/11\/disinform-veritas-person-1024x611.jpg 1024w, https:\/\/disinform.app\/wp-content\/uploads\/2023\/11\/disinform-veritas-person-300x179.jpg 300w, https:\/\/disinform.app\/wp-content\/uploads\/2023\/11\/disinform-veritas-person-768x458.jpg 768w, https:\/\/disinform.app\/wp-content\/uploads\/2023\/11\/disinform-veritas-person-1536x916.jpg 1536w, https:\/\/disinform.app\/wp-content\/uploads\/2023\/11\/disinform-veritas-person.jpg 1920w\" sizes=\"auto, (max-width: 1024px) 100vw, 1024px\" \/><\/figure>\n<\/div>\n\n\n\n<div class=\"wp-block-column is-layout-flow wp-block-column-is-layout-flow\">\n<h2 class=\"wp-block-heading\"><em><mark style=\"background-color:rgba(0, 0, 0, 0)\" class=\"has-inline-color has-vivid-red-color\">La d\u00e9sinformation contre les politiciennes et politiciens cause des dommages et pr\u00e9judices \u00e0 la d\u00e9mocratie.<\/mark><\/em><\/h2>\n\n\n\n<h3 class=\"wp-block-heading\"><strong>Rejoignez notre conversation pour d\u00e9finir les priorit\u00e9s de la prochaine g\u00e9n\u00e9ration d&rsquo;outils et de comp\u00e9tences pour emp\u00eacher la d\u00e9sinformation.<\/strong><\/h3>\n<\/div>\n<\/div>\n","protected":false},"excerpt":{"rendered":"<p>La d\u00e9sinformation contre les politiciennes et politiciens cause des dommages et pr\u00e9judices \u00e0 la d\u00e9mocratie. Rejoignez notre conversation pour d\u00e9finir les priorit\u00e9s de la prochaine g\u00e9n\u00e9ration d&rsquo;outils et de comp\u00e9tences pour emp\u00eacher la d\u00e9sinformation.<\/p>\n","protected":false},"author":1,"featured_media":0,"parent":0,"menu_order":0,"comment_status":"closed","ping_status":"closed","template":"","meta":{"footnotes":""},"class_list":["post-172","page","type-page","status-publish","hentry"],"_links":{"self":[{"href":"https:\/\/disinform.app\/fr\/wp-json\/wp\/v2\/pages\/172","targetHints":{"allow":["GET"]}}],"collection":[{"href":"https:\/\/disinform.app\/fr\/wp-json\/wp\/v2\/pages"}],"about":[{"href":"https:\/\/disinform.app\/fr\/wp-json\/wp\/v2\/types\/page"}],"author":[{"embeddable":true,"href":"https:\/\/disinform.app\/fr\/wp-json\/wp\/v2\/users\/1"}],"replies":[{"embeddable":true,"href":"https:\/\/disinform.app\/fr\/wp-json\/wp\/v2\/comments?post=172"}],"version-history":[{"count":7,"href":"https:\/\/disinform.app\/fr\/wp-json\/wp\/v2\/pages\/172\/revisions"}],"predecessor-version":[{"id":356,"href":"https:\/\/disinform.app\/fr\/wp-json\/wp\/v2\/pages\/172\/revisions\/356"}],"wp:attachment":[{"href":"https:\/\/disinform.app\/fr\/wp-json\/wp\/v2\/media?parent=172"}],"curies":[{"name":"wp","href":"https:\/\/api.w.org\/{rel}","templated":true}]}}