{"id":80,"date":"2022-06-22T22:14:33","date_gmt":"2022-06-23T02:14:33","guid":{"rendered":"https:\/\/disinform.app\/about-us\/"},"modified":"2025-11-12T14:09:54","modified_gmt":"2025-11-12T19:09:54","slug":"acerca","status":"publish","type":"page","link":"https:\/\/disinform.app\/es\/acerca\/","title":{"rendered":"About"},"content":{"rendered":"\n<p>El Laboratorio de Aplicaciones de Desinformaci\u00f3n (Disinfo App Lab o <strong><em>DAL<\/em><\/strong>) es una iniciativa sin fines de lucro, liderada por la Fundaci\u00f3n para la Innovaci\u00f3n Digital (FID), con un equipo internacional de investigaci\u00f3n de 9 profesores en 6 pa\u00edses, con sede en Gatineau, Quebec, Canad\u00e1.<\/p>\n\n\n\n<p>El equipo se centra en aplicaciones de Inteligencia Artificial (IA) para ayudar a detectar y monitorear un tipo muy espec\u00edfico de desinformaci\u00f3n: <strong>acusaciones falsas contra pol\u00edticos en sus funciones de gobierno<\/strong> (por ejemplo, corrupci\u00f3n, soborno, nepotismo, etc.). Las noticias falsas, ya sean textuales o multimedia, pueden afectar proyectos del sector p\u00fablico con el objetivo de empa\u00f1ar una iniciativa gubernamental que, por lo dem\u00e1s, funciona bien. Esto genera dudas y provoca la cancelaci\u00f3n de proyectos o programas, privando as\u00ed a los ciudadanos de servicios e impidiendo el desarrollo nacional.<\/p>\n\n\n\n<ul class=\"wp-block-list\">\n<li>Por favor ver este resumen (2025-11-12), a <a href=\"https:\/\/disinform.app\/Gagnon-2025-EN-web.pdf\">presentation in Enblish<\/a> ou une <a href=\"https:\/\/disinform.app\/Gagnon-2025-FR-web.pdf\">pr\u00e9sentation en fran\u00e7ais<\/a>.<\/li>\n<\/ul>\n\n\n\n<p>El diagrama a continuaci\u00f3n muestra el amplio espectro de actores, informaci\u00f3n y tecnolog\u00edas involucradas. Identificamos 5 \u00e1reas: (1) equipo azul que combate los da\u00f1os causados \u200b\u200bpor la desinformaci\u00f3n; (2) equipo rojo que ejecuta campa\u00f1as de desinformaci\u00f3n; (3) proyectos gubernamentales objetivo; (4) parlamentos afectados por los ataques; (5) p\u00fablico al que se distribuye la desinformaci\u00f3n. Las agencias de ciberseguridad y los equipos de monitoreo se encuentran en el centro.<\/p>\n\n\n\n<p>Al adoptar una perspectiva integral de la campa\u00f1a, el monitoreo de la desinformaci\u00f3n puede proporcionar al menos cinco funciones principales: (1) anticipaci\u00f3n de los pr\u00f3ximos eventos en una cadena de noticias falsas, para ayudar a los equipos azules a combatir de forma m\u00e1s estrat\u00e9gica; (2) contrainteligencia sobre actores de la dark web para disuadir y desarmar; (3) mejora de la transparencia al vincular la informaci\u00f3n p\u00fablica de los proyectos con las acciones de los pol\u00edticos y las noticias oficiales; (4) colaboraci\u00f3n entre los partidos pol\u00edticos y su red de verificadores de datos, garantizando que no se propague informaci\u00f3n falsa en los parlamentos ni se utilice para la toma de decisiones; (5) sistemas de filtrado y fuentes confiables para apoyar a los usuarios finales, ya sean p\u00fablico general o profesionales.<\/p>\n\n\n\n<p>En 2024, el equipo estaba recopilando datos de estudios de caso sobre varios casos de corrupci\u00f3n, algunos con acusaciones verdaderas y otros falsas. Adem\u00e1s, el equipo desarrolla nuevas ontolog\u00edas y grafos de conocimiento (KG) para modelar campa\u00f1as de desinformaci\u00f3n y patrones de ataque, que posteriormente se integrar\u00e1n en Modelos de Lenguaje Grande (LLM) aumentados con grafos. Finalmente, se desarrollar\u00e1 un conjunto de casos de uso, en colaboraci\u00f3n con expertos en comunicaci\u00f3n pol\u00edtica, quienes ayudar\u00e1n a identificar la mejor manera de utilizar la IA, especialmente los KG y los LLM, para superar el impacto de la desinformaci\u00f3n en su trabajo y garantizar una diligencia debida m\u00e1s r\u00e1pida y precisa para resolver las acusaciones de corrupci\u00f3n contra pol\u00edticos.<\/p>\n\n\n<div class=\"wp-block-image\">\n<figure class=\"aligncenter size-full\"><img loading=\"lazy\" decoding=\"async\" width=\"785\" height=\"745\" src=\"https:\/\/disinform.app\/wp-content\/uploads\/2024\/05\/diagram-1.png\" alt=\"\" class=\"wp-image-456\" srcset=\"https:\/\/disinform.app\/wp-content\/uploads\/2024\/05\/diagram-1.png 785w, https:\/\/disinform.app\/wp-content\/uploads\/2024\/05\/diagram-1-300x285.png 300w, https:\/\/disinform.app\/wp-content\/uploads\/2024\/05\/diagram-1-768x729.png 768w\" sizes=\"auto, (max-width: 785px) 100vw, 785px\" \/><\/figure>\n<\/div>","protected":false},"excerpt":{"rendered":"<p>El Laboratorio de Aplicaciones de Desinformaci\u00f3n (Disinfo App Lab o DAL) es una iniciativa sin fines de lucro, liderada por la Fundaci\u00f3n para la Innovaci\u00f3n Digital (FID), con un equipo internacional de investigaci\u00f3n de 9 profesores en 6 pa\u00edses, con sede en Gatineau, Quebec, Canad\u00e1. El equipo se centra en aplicaciones de Inteligencia Artificial (IA)<span class=\"post-excerpt-end\">&hellip;<\/span><\/p>\n<p class=\"more-link\"><a href=\"https:\/\/disinform.app\/es\/acerca\/\" class=\"themebutton\">Lee mas<\/a><\/p>\n","protected":false},"author":1,"featured_media":0,"parent":0,"menu_order":0,"comment_status":"closed","ping_status":"closed","template":"","meta":{"footnotes":""},"class_list":["post-80","page","type-page","status-publish","hentry"],"_links":{"self":[{"href":"https:\/\/disinform.app\/es\/wp-json\/wp\/v2\/pages\/80","targetHints":{"allow":["GET"]}}],"collection":[{"href":"https:\/\/disinform.app\/es\/wp-json\/wp\/v2\/pages"}],"about":[{"href":"https:\/\/disinform.app\/es\/wp-json\/wp\/v2\/types\/page"}],"author":[{"embeddable":true,"href":"https:\/\/disinform.app\/es\/wp-json\/wp\/v2\/users\/1"}],"replies":[{"embeddable":true,"href":"https:\/\/disinform.app\/es\/wp-json\/wp\/v2\/comments?post=80"}],"version-history":[{"count":9,"href":"https:\/\/disinform.app\/es\/wp-json\/wp\/v2\/pages\/80\/revisions"}],"predecessor-version":[{"id":698,"href":"https:\/\/disinform.app\/es\/wp-json\/wp\/v2\/pages\/80\/revisions\/698"}],"wp:attachment":[{"href":"https:\/\/disinform.app\/es\/wp-json\/wp\/v2\/media?parent=80"}],"curies":[{"name":"wp","href":"https:\/\/api.w.org\/{rel}","templated":true}]}}