{"id":195,"date":"2023-07-24T21:36:18","date_gmt":"2023-07-25T01:36:18","guid":{"rendered":"https:\/\/disinform.app\/team\/"},"modified":"2025-10-20T17:29:36","modified_gmt":"2025-10-20T21:29:36","slug":"team","status":"publish","type":"page","link":"https:\/\/disinform.app\/es\/team\/","title":{"rendered":"Equipo"},"content":{"rendered":"\n<h2 class=\"wp-block-heading\">Estructura del Equipo<\/h2>\n\n\n\n<p>El estudio de la IA para combatir la desinformaci\u00f3n y la corrupci\u00f3n implica al menos cinco tareas principales.<\/p>\n\n\n\n<ul class=\"wp-block-list\">\n<li><strong>Tarea 1 &#8211; Alegaci\u00f3n: <\/strong>Recopilaci\u00f3n de datos cualitativos sobre acusaciones de corrupci\u00f3n contra pol\u00edticos e identificaci\u00f3n de un est\u00e1ndar de oro fiable para comparar acusaciones verdaderas (que suelen ser procesadas) con acusaciones falsas (de informaci\u00f3n err\u00f3nea\/maliciosa\/desinformaci\u00f3n), primero en Canad\u00e1 y Estados Unidos, y ahora tambi\u00e9n en Europa y Am\u00e9rica.<\/li>\n\n\n\n<li><strong>Tarea 2 &#8211; Parlamento: <\/strong>Recopilaci\u00f3n de datos cualitativos sobre el uso de la IA en los parlamentos, mediante estudios de caso y entrevistas estructuradas en profundidad, con el objetivo de identificar las mejores pr\u00e1cticas m\u00e1s adecuadas para el uso de la IA en la lucha contra todas las formas de ciberamenazas h\u00edbridas en la infraestructura cr\u00edtica de la democracia, y en particular contra la desinformaci\u00f3n y la corrupci\u00f3n, cada vez m\u00e1s prevalentes debido al uso indebido de la IA.<\/li>\n\n\n\n<li><strong>Tarea 3 &#8211; Negocios: <\/strong>Recopilaci\u00f3n de datos cualitativos y an\u00e1lisis cuantitativo para determinar las estrategias de respuesta de los l\u00edderes empresariales ante la desinformaci\u00f3n, especialmente porque las empresas suelen ser blanco de ataques (como receptores de beneficios o ventajas de la corrupci\u00f3n) al mismo tiempo que los funcionarios p\u00fablicos son objeto de acusaciones. Por lo tanto, las empresas tienen un gran inter\u00e9s en contar con herramientas de desambiguaci\u00f3n m\u00e1s robustas mediante IA.<\/li>\n\n\n\n<li><strong>Tarea 4 &#8211; Idioma: <\/strong>Reutilizaci\u00f3n de corpus y Modelos de Lenguaje Largo (LLM) existentes, junto con Gr\u00e1ficos de Conocimiento (GC), para analizar el texto de los corpus recopilados sobre acusaciones verdaderas o falsas contra pol\u00edticos, y desarrollo de herramientas de IA avanzadas para desambiguar las noticias falsas, as\u00ed como para inferir los posibles pasos siguientes en una campa\u00f1a de desinformaci\u00f3n y a qui\u00e9n podr\u00eda afectar a continuaci\u00f3n en la cadena l\u00f3gica.<\/li>\n\n\n\n<li><strong>Tarea 5 &#8211; Ontolog\u00eda:<\/strong> Reutilizaci\u00f3n de Gr\u00e1ficos de Conocimiento (KG) y ontolog\u00edas existentes para desarrollar un nuevo modelo sem\u00e1ntico integrado de corrupci\u00f3n, junto con la desinformaci\u00f3n, la din\u00e1mica de las acusaciones y las diversas entidades objetivo de las noticias falsas, como proyectos del sector p\u00fablico, contrataciones y contratistas.<\/li>\n<\/ul>\n\n\n\n<h2 class=\"wp-block-heading\">Tarea 1 &#8211; Alegaci\u00f3n<\/h2>\n\n\n\n<div class=\"wp-block-columns is-layout-flex wp-container-core-columns-is-layout-9d6595d7 wp-block-columns-is-layout-flex\">\n<div class=\"wp-block-column is-layout-flow wp-block-column-is-layout-flow\" style=\"flex-basis:25%\">\n<figure class=\"wp-block-image size-full\"><img loading=\"lazy\" decoding=\"async\" width=\"282\" height=\"309\" src=\"https:\/\/disinform.app\/wp-content\/uploads\/2025\/05\/Romilla.jpg\" alt=\"\" class=\"wp-image-560\" srcset=\"https:\/\/disinform.app\/wp-content\/uploads\/2025\/05\/Romilla.jpg 282w, https:\/\/disinform.app\/wp-content\/uploads\/2025\/05\/Romilla-274x300.jpg 274w\" sizes=\"auto, (max-width: 282px) 100vw, 282px\" \/><\/figure>\n\n\n\n<p><strong>Romilla Syed<\/strong>, Associate Professor, UM Boston, [<a href=\"https:\/\/www.umb.edu\/directory\/romillasyed\/\">Web<\/a>] ~ [<a href=\"https:\/\/www.linkedin.com\/in\/romilla-syed-a33111140\/\">LinkedIn<\/a>] ~ [<a href=\"https:\/\/scholar.google.ca\/citations?user=ou3CLEoAAAAJ&amp;hl=en&amp;oi=ao\">Scholar<\/a>]<\/p>\n<\/div>\n\n\n\n<div class=\"wp-block-column is-layout-flow wp-block-column-is-layout-flow\" style=\"flex-basis:25%\">\n<figure class=\"wp-block-image size-full\"><img loading=\"lazy\" decoding=\"async\" width=\"200\" height=\"267\" src=\"https:\/\/disinform.app\/wp-content\/uploads\/2025\/05\/Stephane.jpg\" alt=\"\" class=\"wp-image-576\"\/><\/figure>\n\n\n\n<p><strong>St\u00e9phane&nbsp;Gagnon<\/strong>, Lab Leader, Associate Professor, UQO, [<a href=\"https:\/\/gagnontech.org\/bio\/\">Web<\/a>] ~ [<a href=\"https:\/\/www.linkedin.com\/in\/gagnon\/\">LinkedIn<\/a>] ~ [<a href=\"https:\/\/scholar.google.ca\/citations?user=46daFzUAAAAJ&amp;hl=en&amp;oi=ao\">Scholar<\/a>]<\/p>\n<\/div>\n\n\n\n<div class=\"wp-block-column is-layout-flow wp-block-column-is-layout-flow\" style=\"flex-basis:25%\">\n<figure class=\"wp-block-image size-full\"><img loading=\"lazy\" decoding=\"async\" width=\"800\" height=\"800\" src=\"https:\/\/disinform.app\/wp-content\/uploads\/2025\/05\/Sylvia.jpg\" alt=\"\" class=\"wp-image-580\" srcset=\"https:\/\/disinform.app\/wp-content\/uploads\/2025\/05\/Sylvia.jpg 800w, https:\/\/disinform.app\/wp-content\/uploads\/2025\/05\/Sylvia-300x300.jpg 300w, https:\/\/disinform.app\/wp-content\/uploads\/2025\/05\/Sylvia-150x150.jpg 150w, https:\/\/disinform.app\/wp-content\/uploads\/2025\/05\/Sylvia-768x768.jpg 768w\" sizes=\"auto, (max-width: 800px) 100vw, 800px\" \/><\/figure>\n\n\n\n<p><strong>Sylvia&nbsp;Andriamaharosoa<\/strong>, Graduate Research Assistant, UQO, [<a href=\"https:\/\/www.linkedin.com\/in\/sylvia-ph-d-03225564\/\">LinkedIn<\/a>]<\/p>\n<\/div>\n\n\n\n<div class=\"wp-block-column is-layout-flow wp-block-column-is-layout-flow\" style=\"flex-basis:25%\">\n<figure class=\"wp-block-image size-full\"><img loading=\"lazy\" decoding=\"async\" width=\"427\" height=\"488\" src=\"https:\/\/disinform.app\/wp-content\/uploads\/2025\/05\/Jean-Philippe-1.jpg\" alt=\"\" class=\"wp-image-646\" srcset=\"https:\/\/disinform.app\/wp-content\/uploads\/2025\/05\/Jean-Philippe-1.jpg 427w, https:\/\/disinform.app\/wp-content\/uploads\/2025\/05\/Jean-Philippe-1-263x300.jpg 263w\" sizes=\"auto, (max-width: 427px) 100vw, 427px\" \/><\/figure>\n\n\n\n<p><strong>Jean-Philippe&nbsp;Dogbo<\/strong>, Graduate Student, UQO, [<a href=\"https:\/\/www.linkedin.com\/in\/jeanphilipped\/\">LinkedIn<\/a>]<\/p>\n<\/div>\n\n\n\n<div class=\"wp-block-column is-layout-flow wp-block-column-is-layout-flow\"><\/div>\n<\/div>\n\n\n\n<h2 class=\"wp-block-heading\">Tarea 2 &#8211; Parlamento<\/h2>\n\n\n\n<div class=\"wp-block-columns is-layout-flex wp-container-core-columns-is-layout-9d6595d7 wp-block-columns-is-layout-flex\">\n<div class=\"wp-block-column is-layout-flow wp-block-column-is-layout-flow\" style=\"flex-basis:25%\">\n<figure class=\"wp-block-image size-full\"><img loading=\"lazy\" decoding=\"async\" width=\"450\" height=\"450\" src=\"https:\/\/disinform.app\/wp-content\/uploads\/2025\/05\/Fotis.png\" alt=\"\" class=\"wp-image-523\" srcset=\"https:\/\/disinform.app\/wp-content\/uploads\/2025\/05\/Fotis.png 450w, https:\/\/disinform.app\/wp-content\/uploads\/2025\/05\/Fotis-300x300.png 300w, https:\/\/disinform.app\/wp-content\/uploads\/2025\/05\/Fotis-150x150.png 150w\" sizes=\"auto, (max-width: 450px) 100vw, 450px\" \/><\/figure>\n\n\n\n<p><strong>Fotios Fitsilis<\/strong>, Full Professor, Universidad Austral, [<a href=\"https:\/\/fitsilis.gr\/\">Web<\/a>] ~ [<a href=\"https:\/\/www.linkedin.com\/in\/ffitsilis\/\">LinkedIn<\/a>] ~ [<a href=\"https:\/\/scholar.google.ca\/citations?user=a3J1YbcAAAAJ&amp;hl=en&amp;oi=sra\">Scholar<\/a>]<\/p>\n<\/div>\n\n\n\n<div class=\"wp-block-column is-layout-flow wp-block-column-is-layout-flow\" style=\"flex-basis:25%\">\n<figure class=\"wp-block-image size-full\"><img loading=\"lazy\" decoding=\"async\" width=\"324\" height=\"324\" src=\"https:\/\/disinform.app\/wp-content\/uploads\/2025\/05\/George.png\" alt=\"\" class=\"wp-image-527\" srcset=\"https:\/\/disinform.app\/wp-content\/uploads\/2025\/05\/George.png 324w, https:\/\/disinform.app\/wp-content\/uploads\/2025\/05\/George-300x300.png 300w, https:\/\/disinform.app\/wp-content\/uploads\/2025\/05\/George-150x150.png 150w\" sizes=\"auto, (max-width: 324px) 100vw, 324px\" \/><\/figure>\n\n\n\n<p><strong>George Mikros<\/strong>, Full Professor, Hamad bin Khalifa University, [<a href=\"https:\/\/www.hbku.edu.qa\/en\/chss\/staff\/george-mikros\">Web<\/a>] ~ [<a href=\"https:\/\/www.linkedin.com\/in\/george-mikros-b925101a\/\">LinkedIn<\/a>] ~ [<a href=\"https:\/\/scholar.google.ca\/citations?user=IwW_nEAAAAAJ&amp;hl=en&amp;oi=ao\">Scholar<\/a>]<\/p>\n<\/div>\n\n\n\n<div class=\"wp-block-column is-layout-flow wp-block-column-is-layout-flow\" style=\"flex-basis:25%\">\n<figure class=\"wp-block-image size-full\"><img loading=\"lazy\" decoding=\"async\" width=\"540\" height=\"540\" src=\"https:\/\/disinform.app\/wp-content\/uploads\/2025\/05\/Getho.jpg\" alt=\"\" class=\"wp-image-531\" srcset=\"https:\/\/disinform.app\/wp-content\/uploads\/2025\/05\/Getho.jpg 540w, https:\/\/disinform.app\/wp-content\/uploads\/2025\/05\/Getho-300x300.jpg 300w, https:\/\/disinform.app\/wp-content\/uploads\/2025\/05\/Getho-150x150.jpg 150w\" sizes=\"auto, (max-width: 540px) 100vw, 540px\" \/><\/figure>\n\n\n\n<p><strong>G\u00e9tho&nbsp;Ox\u00e9us<\/strong>, Graduate Student, UQO, [<a href=\"https:\/\/www.linkedin.com\/in\/getho-ox%C3%A9us-c-adm-4892483b\/\">LinkedIn<\/a>]<\/p>\n<\/div>\n\n\n\n<div class=\"wp-block-column is-layout-flow wp-block-column-is-layout-flow\" style=\"flex-basis:25%\">\n<figure class=\"wp-block-image size-full\"><img loading=\"lazy\" decoding=\"async\" width=\"799\" height=\"799\" src=\"https:\/\/disinform.app\/wp-content\/uploads\/2025\/05\/Jean-Pierre.jpg\" alt=\"\" class=\"wp-image-539\" srcset=\"https:\/\/disinform.app\/wp-content\/uploads\/2025\/05\/Jean-Pierre.jpg 799w, https:\/\/disinform.app\/wp-content\/uploads\/2025\/05\/Jean-Pierre-300x300.jpg 300w, https:\/\/disinform.app\/wp-content\/uploads\/2025\/05\/Jean-Pierre-150x150.jpg 150w, https:\/\/disinform.app\/wp-content\/uploads\/2025\/05\/Jean-Pierre-768x768.jpg 768w\" sizes=\"auto, (max-width: 799px) 100vw, 799px\" \/><\/figure>\n\n\n\n<p><strong>Jean-Pierre&nbsp;Nekan<\/strong>, Graduate Student, UQO, [<a href=\"https:\/\/www.linkedin.com\/in\/jean-pierre-nekan-15395a157\/\">LinkedIn<\/a>]<\/p>\n<\/div>\n<\/div>\n\n\n\n<h2 class=\"wp-block-heading\">Tarea 3 &#8211; Negocio<\/h2>\n\n\n\n<div class=\"wp-block-columns is-layout-flex wp-container-core-columns-is-layout-9d6595d7 wp-block-columns-is-layout-flex\">\n<div class=\"wp-block-column is-layout-flow wp-block-column-is-layout-flow\" style=\"flex-basis:25%\">\n<figure class=\"wp-block-image size-full\"><img loading=\"lazy\" decoding=\"async\" width=\"575\" height=\"800\" src=\"https:\/\/disinform.app\/wp-content\/uploads\/2025\/05\/Raymond.jpg\" alt=\"\" class=\"wp-image-556\" srcset=\"https:\/\/disinform.app\/wp-content\/uploads\/2025\/05\/Raymond.jpg 575w, https:\/\/disinform.app\/wp-content\/uploads\/2025\/05\/Raymond-216x300.jpg 216w\" sizes=\"auto, (max-width: 575px) 100vw, 575px\" \/><\/figure>\n\n\n\n<p><strong>Raymond Falschau<\/strong>, Assistant Professor, Universit\u00e9 de Sherbrooke, [<a href=\"https:\/\/www.usherbrooke.ca\/ecole-gestion\/personnel\/professeurs\/sciences-comptables\/raymond-falschau\">Web<\/a>] ~ [<a href=\"https:\/\/www.linkedin.com\/in\/raymond-a-falschau-8129b1183\/\">LinkedIn<\/a>] ~ [<a href=\"https:\/\/scholar.google.ca\/citations?user=ZDBVBxkAAAAJ&amp;hl=en&amp;oi=ao\">Scholar<\/a>]<\/p>\n<\/div>\n\n\n\n<div class=\"wp-block-column is-layout-flow wp-block-column-is-layout-flow\" style=\"flex-basis:25%\">\n<figure class=\"wp-block-image size-full\"><img loading=\"lazy\" decoding=\"async\" width=\"270\" height=\"360\" src=\"https:\/\/disinform.app\/wp-content\/uploads\/2025\/05\/Saidatou.jpg\" alt=\"\" class=\"wp-image-568\" srcset=\"https:\/\/disinform.app\/wp-content\/uploads\/2025\/05\/Saidatou.jpg 270w, https:\/\/disinform.app\/wp-content\/uploads\/2025\/05\/Saidatou-225x300.jpg 225w\" sizes=\"auto, (max-width: 270px) 100vw, 270px\" \/><\/figure>\n\n\n\n<p><strong>Saidatou&nbsp;Dicko<\/strong>, Full Professor, UQAM, [<a href=\"https:\/\/professeurs.uqam.ca\/professeur\/dicko.saidatou\/\">Web<\/a>] ~ [<a href=\"https:\/\/www.linkedin.com\/in\/saidatou-dicko-80324510\/\">LinkedIn<\/a>] ~ [<a href=\"https:\/\/scholar.google.ca\/citations?user=o549mAsAAAAJ&amp;hl=en&amp;oi=ao\">Scholar<\/a>]<\/p>\n<\/div>\n\n\n\n<div class=\"wp-block-column is-layout-flow wp-block-column-is-layout-flow\" style=\"flex-basis:25%\">\n<figure class=\"wp-block-image size-full\"><img loading=\"lazy\" decoding=\"async\" width=\"800\" height=\"800\" src=\"https:\/\/disinform.app\/wp-content\/uploads\/2025\/05\/Othmane.jpg\" alt=\"\" class=\"wp-image-548\" srcset=\"https:\/\/disinform.app\/wp-content\/uploads\/2025\/05\/Othmane.jpg 800w, https:\/\/disinform.app\/wp-content\/uploads\/2025\/05\/Othmane-300x300.jpg 300w, https:\/\/disinform.app\/wp-content\/uploads\/2025\/05\/Othmane-150x150.jpg 150w, https:\/\/disinform.app\/wp-content\/uploads\/2025\/05\/Othmane-768x768.jpg 768w\" sizes=\"auto, (max-width: 800px) 100vw, 800px\" \/><\/figure>\n\n\n\n<p><strong>Othmane Lamzihri<\/strong>, Graduate Research Assistant, Universit\u00e9 de Sherbrooke, [<a href=\"https:\/\/www.linkedin.com\/in\/othmane-lamzihri\/\">LinkedIn<\/a>] ~ [<a href=\"https:\/\/scholar.google.ca\/citations?user=hq863OEAAAAJ&amp;hl=en&amp;oi=ao\">Scholar<\/a>]<\/p>\n<\/div>\n\n\n\n<div class=\"wp-block-column is-layout-flow wp-block-column-is-layout-flow\" style=\"flex-basis:25%\">\n<figure class=\"wp-block-image size-full\"><img loading=\"lazy\" decoding=\"async\" width=\"436\" height=\"436\" src=\"https:\/\/disinform.app\/wp-content\/uploads\/2025\/05\/Ousmane.jpg\" alt=\"\" class=\"wp-image-552\" srcset=\"https:\/\/disinform.app\/wp-content\/uploads\/2025\/05\/Ousmane.jpg 436w, https:\/\/disinform.app\/wp-content\/uploads\/2025\/05\/Ousmane-300x300.jpg 300w, https:\/\/disinform.app\/wp-content\/uploads\/2025\/05\/Ousmane-150x150.jpg 150w\" sizes=\"auto, (max-width: 436px) 100vw, 436px\" \/><\/figure>\n\n\n\n<p><strong>Ousmane Alkaly<\/strong>, Graduate Student, UQAM, [<a href=\"https:\/\/www.linkedin.com\/in\/ousmane-alkaly-cpa-cma-92129912\/\">LinkedIn<\/a>]<\/p>\n<\/div>\n<\/div>\n\n\n\n<h2 class=\"wp-block-heading\">Tarea 4 &#8211; Idioma<\/h2>\n\n\n\n<div class=\"wp-block-columns is-layout-flex wp-container-core-columns-is-layout-9d6595d7 wp-block-columns-is-layout-flex\">\n<div class=\"wp-block-column is-layout-flow wp-block-column-is-layout-flow\" style=\"flex-basis:25%\">\n<figure class=\"wp-block-image size-full\"><img loading=\"lazy\" decoding=\"async\" width=\"580\" height=\"640\" src=\"https:\/\/disinform.app\/wp-content\/uploads\/2025\/05\/Anderson.jpg\" alt=\"\" class=\"wp-image-515\" srcset=\"https:\/\/disinform.app\/wp-content\/uploads\/2025\/05\/Anderson.jpg 580w, https:\/\/disinform.app\/wp-content\/uploads\/2025\/05\/Anderson-272x300.jpg 272w\" sizes=\"auto, (max-width: 580px) 100vw, 580px\" \/><\/figure>\n\n\n\n<p><strong>Anderson Avila<\/strong>, Assistant Professor, INRS, [<a href=\"https:\/\/inrs.ca\/en\/research\/professors\/anderson-avila\/\">Web<\/a>] ~ [<a href=\"https:\/\/www.linkedin.com\/in\/andersonavila\/\">LinkedIn<\/a>] ~ [<a href=\"https:\/\/scholar.google.com\/citations?user=Q0hJ-hAAAAAJ&amp;hl=en\">Scholar<\/a>]<\/p>\n<\/div>\n\n\n\n<div class=\"wp-block-column is-layout-flow wp-block-column-is-layout-flow\" style=\"flex-basis:25%\">\n<figure class=\"wp-block-image size-full\"><img loading=\"lazy\" decoding=\"async\" width=\"383\" height=\"463\" src=\"https:\/\/disinform.app\/wp-content\/uploads\/2025\/05\/Tony.png\" alt=\"\" class=\"wp-image-585\" srcset=\"https:\/\/disinform.app\/wp-content\/uploads\/2025\/05\/Tony.png 383w, https:\/\/disinform.app\/wp-content\/uploads\/2025\/05\/Tony-248x300.png 248w\" sizes=\"auto, (max-width: 383px) 100vw, 383px\" \/><\/figure>\n\n\n\n<p><strong>Tony Berber-Sardinha<\/strong>, Full Professor, Pontif\u00edcia Universidade Cat\u00f3lica de S\u00e3o Paulo, [<a href=\"https:\/\/bv.fapesp.br\/en\/pesquisador\/34185\/antonio-paulo-berber-sardinha\/\">Web<\/a>] ~ [<a href=\"https:\/\/www.linkedin.com\/in\/tony-berber-sardinha-8953601a5\/\">LinkedIn<\/a>] ~ [<a href=\"https:\/\/scholar.google.com\/citations?user=LEpINQ4AAAAJ&amp;hl=en\">Scholar<\/a>]<\/p>\n<\/div>\n\n\n\n<div class=\"wp-block-column is-layout-flow wp-block-column-is-layout-flow\" style=\"flex-basis:25%\">\n<figure class=\"wp-block-image size-full\"><img loading=\"lazy\" decoding=\"async\" width=\"800\" height=\"800\" src=\"https:\/\/disinform.app\/wp-content\/uploads\/2025\/05\/Sotiris.jpg\" alt=\"\" class=\"wp-image-572\" srcset=\"https:\/\/disinform.app\/wp-content\/uploads\/2025\/05\/Sotiris.jpg 800w, https:\/\/disinform.app\/wp-content\/uploads\/2025\/05\/Sotiris-300x300.jpg 300w, https:\/\/disinform.app\/wp-content\/uploads\/2025\/05\/Sotiris-150x150.jpg 150w, https:\/\/disinform.app\/wp-content\/uploads\/2025\/05\/Sotiris-768x768.jpg 768w\" sizes=\"auto, (max-width: 800px) 100vw, 800px\" \/><\/figure>\n\n\n\n<p><strong>Sotiris Kranias<\/strong>, Partner, Hellenic OCR Team, [<a href=\"https:\/\/www.linkedin.com\/in\/so-kra\/\">LinkedIn<\/a>]<\/p>\n<\/div>\n\n\n\n<div class=\"wp-block-column is-layout-flow wp-block-column-is-layout-flow\" style=\"flex-basis:25%\">\n<figure class=\"wp-block-image size-full\"><img loading=\"lazy\" decoding=\"async\" width=\"604\" height=\"604\" src=\"https:\/\/disinform.app\/wp-content\/uploads\/2025\/05\/Hazem.jpeg\" alt=\"\" class=\"wp-image-535\" srcset=\"https:\/\/disinform.app\/wp-content\/uploads\/2025\/05\/Hazem.jpeg 604w, https:\/\/disinform.app\/wp-content\/uploads\/2025\/05\/Hazem-300x300.jpeg 300w, https:\/\/disinform.app\/wp-content\/uploads\/2025\/05\/Hazem-150x150.jpeg 150w\" sizes=\"auto, (max-width: 604px) 100vw, 604px\" \/><\/figure>\n\n\n\n<p><strong>Hazem Amamou<\/strong>, Graduate Student, INRS, [<a href=\"https:\/\/www.linkedin.com\/in\/hazem-amamou-43109b202\/\">LinkedIn<\/a>]<\/p>\n<\/div>\n<\/div>\n\n\n\n<h2 class=\"wp-block-heading\">Tarea 5 &#8211; Ontologia<\/h2>\n\n\n\n<div class=\"wp-block-columns is-layout-flex wp-container-core-columns-is-layout-9d6595d7 wp-block-columns-is-layout-flex\">\n<div class=\"wp-block-column is-layout-flow wp-block-column-is-layout-flow\" style=\"flex-basis:25%\">\n<figure class=\"wp-block-image size-full\"><img loading=\"lazy\" decoding=\"async\" width=\"285\" height=\"300\" src=\"https:\/\/disinform.app\/wp-content\/uploads\/2025\/05\/Sabrina.png\" alt=\"\" class=\"wp-image-564\"\/><\/figure>\n\n\n\n<p><strong>Sabrina Azzi<\/strong>, Assistant Professor, University of the West of Scotland, [<a href=\"https:\/\/research-portal.uws.ac.uk\/en\/persons\/sabrina-azzi\">Web<\/a>] ~ [<a href=\"https:\/\/www.linkedin.com\/in\/sabrina-azzi\/\">LinkedIn<\/a>] ~ [<a href=\"https:\/\/scholar.google.com\/citations?user=nK7i5HsAAAAJ&amp;hl=fr\">Scholar<\/a>]<\/p>\n<\/div>\n\n\n\n<div class=\"wp-block-column is-layout-flow wp-block-column-is-layout-flow\" style=\"flex-basis:25%\">\n<figure class=\"wp-block-image size-full\"><img loading=\"lazy\" decoding=\"async\" width=\"600\" height=\"600\" src=\"https:\/\/disinform.app\/wp-content\/uploads\/2025\/05\/Ali.png\" alt=\"\" class=\"wp-image-511\" srcset=\"https:\/\/disinform.app\/wp-content\/uploads\/2025\/05\/Ali.png 600w, https:\/\/disinform.app\/wp-content\/uploads\/2025\/05\/Ali-300x300.png 300w, https:\/\/disinform.app\/wp-content\/uploads\/2025\/05\/Ali-150x150.png 150w\" sizes=\"auto, (max-width: 600px) 100vw, 600px\" \/><\/figure>\n\n\n\n<p><strong>Ali Assi<\/strong>, Assistant Professor, Rochester Institute of Technology &#8211; Dubai, [<a href=\"https:\/\/www.rit.edu\/directory\/axacad5-ali-assi\">Web<\/a>] ~ [<a href=\"https:\/\/www.linkedin.com\/in\/ali-assi-phd-b37132210\/\">LinkedIn<\/a>] ~ [<a href=\"https:\/\/scholar.google.ca\/citations?user=t3vYklkAAAAJ&amp;hl=fr\">Scholar<\/a>]<\/p>\n<\/div>\n\n\n\n<div class=\"wp-block-column is-layout-flow wp-block-column-is-layout-flow\" style=\"flex-basis:25%\">\n<figure class=\"wp-block-image size-full\"><img loading=\"lazy\" decoding=\"async\" width=\"394\" height=\"525\" src=\"https:\/\/disinform.app\/wp-content\/uploads\/2025\/05\/Emmanuel.jpeg\" alt=\"\" class=\"wp-image-519\" srcset=\"https:\/\/disinform.app\/wp-content\/uploads\/2025\/05\/Emmanuel.jpeg 394w, https:\/\/disinform.app\/wp-content\/uploads\/2025\/05\/Emmanuel-225x300.jpeg 225w\" sizes=\"auto, (max-width: 394px) 100vw, 394px\" \/><\/figure>\n\n\n\n<p><strong>Emmanuel&nbsp;<strong>Kingsford&nbsp;<\/strong>Owusu<\/strong>, Graduate Research Consultant, UQO, [<a href=\"https:\/\/disinform.app\/wp-admin\/post.php?post=192&amp;action=edit&amp;lang=en\">Web<\/a>] ~ [<a href=\"https:\/\/scholar.google.com\/citations?user=elexGUEAAAAJ&amp;hl=en\">Scholar<\/a>]<\/p>\n<\/div>\n\n\n\n<div class=\"wp-block-column is-layout-flow wp-block-column-is-layout-flow\" style=\"flex-basis:25%\">\n<figure class=\"wp-block-image size-full\"><img loading=\"lazy\" decoding=\"async\" width=\"241\" height=\"241\" src=\"https:\/\/disinform.app\/wp-content\/uploads\/2025\/05\/Justin.jpg\" alt=\"\" class=\"wp-image-544\" srcset=\"https:\/\/disinform.app\/wp-content\/uploads\/2025\/05\/Justin.jpg 241w, https:\/\/disinform.app\/wp-content\/uploads\/2025\/05\/Justin-150x150.jpg 150w\" sizes=\"auto, (max-width: 241px) 100vw, 241px\" \/><\/figure>\n\n\n\n<p><strong>Justin Muhawe<\/strong>, Graduate Student, UQO, [<a href=\"https:\/\/www.linkedin.com\/in\/justin-shukuru-muhawe-47190b132\/\">LinkedIn<\/a>]<\/p>\n<\/div>\n<\/div>\n","protected":false},"excerpt":{"rendered":"<p>Estructura del Equipo El estudio de la IA para combatir la desinformaci\u00f3n y la corrupci\u00f3n implica al menos cinco tareas principales. Tarea 1 &#8211; Alegaci\u00f3n Romilla Syed, Associate Professor, UM Boston, [Web] ~ [LinkedIn] ~ [Scholar] St\u00e9phane&nbsp;Gagnon, Lab Leader, Associate Professor, UQO, [Web] ~ [LinkedIn] ~ [Scholar] Sylvia&nbsp;Andriamaharosoa, Graduate Research Assistant, UQO, [LinkedIn] Jean-Philippe&nbsp;Dogbo, Graduate<span class=\"post-excerpt-end\">&hellip;<\/span><\/p>\n<p class=\"more-link\"><a href=\"https:\/\/disinform.app\/es\/team\/\" class=\"themebutton\">Lee mas<\/a><\/p>\n","protected":false},"author":1,"featured_media":0,"parent":0,"menu_order":0,"comment_status":"closed","ping_status":"closed","template":"","meta":{"footnotes":""},"class_list":["post-195","page","type-page","status-publish","hentry"],"_links":{"self":[{"href":"https:\/\/disinform.app\/es\/wp-json\/wp\/v2\/pages\/195","targetHints":{"allow":["GET"]}}],"collection":[{"href":"https:\/\/disinform.app\/es\/wp-json\/wp\/v2\/pages"}],"about":[{"href":"https:\/\/disinform.app\/es\/wp-json\/wp\/v2\/types\/page"}],"author":[{"embeddable":true,"href":"https:\/\/disinform.app\/es\/wp-json\/wp\/v2\/users\/1"}],"replies":[{"embeddable":true,"href":"https:\/\/disinform.app\/es\/wp-json\/wp\/v2\/comments?post=195"}],"version-history":[{"count":8,"href":"https:\/\/disinform.app\/es\/wp-json\/wp\/v2\/pages\/195\/revisions"}],"predecessor-version":[{"id":678,"href":"https:\/\/disinform.app\/es\/wp-json\/wp\/v2\/pages\/195\/revisions\/678"}],"wp:attachment":[{"href":"https:\/\/disinform.app\/es\/wp-json\/wp\/v2\/media?parent=195"}],"curies":[{"name":"wp","href":"https:\/\/api.w.org\/{rel}","templated":true}]}}