{"id":173,"date":"2023-07-23T14:15:27","date_gmt":"2023-07-23T18:15:27","guid":{"rendered":"https:\/\/disinform.app\/innovation\/"},"modified":"2023-11-23T17:18:36","modified_gmt":"2023-11-23T22:18:36","slug":"veritas","status":"publish","type":"page","link":"https:\/\/disinform.app\/es\/veritas\/","title":{"rendered":"Veritas"},"content":{"rendered":"\n<div class=\"wp-block-columns is-layout-flex wp-container-core-columns-is-layout-9d6595d7 wp-block-columns-is-layout-flex\">\n<div class=\"wp-block-column is-layout-flow wp-block-column-is-layout-flow\">\n<figure class=\"wp-block-image size-large\"><img loading=\"lazy\" decoding=\"async\" width=\"1024\" height=\"611\" src=\"https:\/\/disinform.app\/wp-content\/uploads\/2023\/11\/disinform-veritas-person-1024x611.jpg\" alt=\"\" class=\"wp-image-314\" srcset=\"https:\/\/disinform.app\/wp-content\/uploads\/2023\/11\/disinform-veritas-person-1024x611.jpg 1024w, https:\/\/disinform.app\/wp-content\/uploads\/2023\/11\/disinform-veritas-person-300x179.jpg 300w, https:\/\/disinform.app\/wp-content\/uploads\/2023\/11\/disinform-veritas-person-768x458.jpg 768w, https:\/\/disinform.app\/wp-content\/uploads\/2023\/11\/disinform-veritas-person-1536x916.jpg 1536w, https:\/\/disinform.app\/wp-content\/uploads\/2023\/11\/disinform-veritas-person.jpg 1920w\" sizes=\"auto, (max-width: 1024px) 100vw, 1024px\" \/><\/figure>\n<\/div>\n\n\n\n<div class=\"wp-block-column is-layout-flow wp-block-column-is-layout-flow\">\n<h2 class=\"wp-block-heading\"><em><mark style=\"background-color:rgba(0, 0, 0, 0)\" class=\"has-inline-color has-vivid-red-color\">La desinformaci\u00f3n contra politicos causa da\u00f1os y perjuicio <\/mark><\/em><em><mark style=\"background-color:rgba(0, 0, 0, 0)\" class=\"has-inline-color has-vivid-red-color\">a la democracia.<\/mark><\/em><\/h2>\n\n\n\n<h3 class=\"wp-block-heading\"><strong>\u00danase a nuestra conversaci\u00f3n para definir prioridades para la pr\u00f3xima generaci\u00f3n de herramientas y capacidades para impedir la desinformaci\u00f3n.<\/strong><\/h3>\n<\/div>\n<\/div>\n","protected":false},"excerpt":{"rendered":"<p>La desinformaci\u00f3n contra politicos causa da\u00f1os y perjuicio a la democracia. \u00danase a nuestra conversaci\u00f3n para definir prioridades para la pr\u00f3xima generaci\u00f3n de herramientas y capacidades para impedir la desinformaci\u00f3n.<\/p>\n","protected":false},"author":1,"featured_media":0,"parent":0,"menu_order":0,"comment_status":"closed","ping_status":"closed","template":"","meta":{"footnotes":""},"class_list":["post-173","page","type-page","status-publish","hentry"],"_links":{"self":[{"href":"https:\/\/disinform.app\/es\/wp-json\/wp\/v2\/pages\/173","targetHints":{"allow":["GET"]}}],"collection":[{"href":"https:\/\/disinform.app\/es\/wp-json\/wp\/v2\/pages"}],"about":[{"href":"https:\/\/disinform.app\/es\/wp-json\/wp\/v2\/types\/page"}],"author":[{"embeddable":true,"href":"https:\/\/disinform.app\/es\/wp-json\/wp\/v2\/users\/1"}],"replies":[{"embeddable":true,"href":"https:\/\/disinform.app\/es\/wp-json\/wp\/v2\/comments?post=173"}],"version-history":[{"count":7,"href":"https:\/\/disinform.app\/es\/wp-json\/wp\/v2\/pages\/173\/revisions"}],"predecessor-version":[{"id":355,"href":"https:\/\/disinform.app\/es\/wp-json\/wp\/v2\/pages\/173\/revisions\/355"}],"wp:attachment":[{"href":"https:\/\/disinform.app\/es\/wp-json\/wp\/v2\/media?parent=173"}],"curies":[{"name":"wp","href":"https:\/\/api.w.org\/{rel}","templated":true}]}}